{"id":2070,"date":"2024-06-17T18:27:34","date_gmt":"2024-06-17T18:27:34","guid":{"rendered":"https:\/\/www.serenitycoachlydia.com\/?page_id=2070"},"modified":"2024-09-29T17:17:45","modified_gmt":"2024-09-29T17:17:45","slug":"facial-reflexology-2","status":"publish","type":"page","link":"https:\/\/www.serenitycoachlydia.com\/fr\/facial-reflexology-2\/","title":{"rendered":"R\u00e9flexologie faciale"},"content":{"rendered":"<div data-elementor-type=\"wp-page\" data-elementor-id=\"2070\" class=\"elementor elementor-2070\">\n\t\t\t\t<div class=\"elementor-element elementor-element-dd8d78e e-flex e-con-boxed e-con e-parent\" data-id=\"dd8d78e\" data-element_type=\"container\" data-e-type=\"container\" data-settings=\"{&quot;background_background&quot;:&quot;classic&quot;}\">\n\t\t\t\t\t<div class=\"e-con-inner\">\n\t\t\t\t<div class=\"elementor-element elementor-element-69db84a3 elementor-widget elementor-widget-text-editor\" data-id=\"69db84a3\" data-element_type=\"widget\" data-e-type=\"widget\" data-widget_type=\"text-editor.default\">\n\t\t\t\t<div class=\"elementor-widget-container\">\n\t\t\t\t\t\t\t\t\t\n<div class=\"wp-block-cover alignfull\" style=\"min-height: 350px;aspect-ratio:unset;\">\n<div class=\"wp-block-cover__inner-container is-layout-constrained wp-container-core-cover-is-layout-48c9aa2a wp-block-cover-is-layout-constrained\">\n<h2 class=\"wp-block-heading has-text-align-center has-text-color has-link-color has-suranna-font-family wp-elements-15fe3c8b9bb2bfdc0d03f3758ffb3b34\" style=\"color: #ffffff; font-size: 60px; font-style: normal; font-weight: 500;\">R\u00e9flexologie faciale<\/h2>\n<\/div>\n<\/div>\n\n<p>\u00a0<\/p>\t\t\t\t\t\t\t\t<\/div>\n\t\t\t\t<\/div>\n\t\t\t\t\t<\/div>\n\t\t\t\t<\/div>\n\t\t<div class=\"elementor-element elementor-element-aaa81e3 e-flex e-con-boxed e-con e-parent\" data-id=\"aaa81e3\" data-element_type=\"container\" data-e-type=\"container\">\n\t\t\t\t\t<div class=\"e-con-inner\">\n\t\t\t\t<div class=\"elementor-element elementor-element-43e072c elementor-widget elementor-widget-image-box\" data-id=\"43e072c\" data-element_type=\"widget\" data-e-type=\"widget\" data-widget_type=\"image-box.default\">\n\t\t\t\t<div class=\"elementor-widget-container\">\n\t\t\t\t\t<div class=\"elementor-image-box-wrapper\"><div class=\"elementor-image-box-content\"><div class=\"elementor-image-box-title\">Facial reflexology<\/div><\/div><\/div>\t\t\t\t<\/div>\n\t\t\t\t<\/div>\n\t\t\t\t<div class=\"elementor-element elementor-element-7fca098 elementor-widget elementor-widget-text-editor\" data-id=\"7fca098\" data-element_type=\"widget\" data-e-type=\"widget\" data-widget_type=\"text-editor.default\">\n\t\t\t\t<div class=\"elementor-widget-container\">\n\t\t\t\t\t\t\t\t\t<h5>Facial reflexology &#8211; 90chf (1h session) with Serenity Coach Lydia<\/h5>\t\t\t\t\t\t\t\t<\/div>\n\t\t\t\t<\/div>\n\t\t\t\t<div class=\"elementor-element elementor-element-c2b7d33 elementor-widget elementor-widget-text-editor\" data-id=\"c2b7d33\" data-element_type=\"widget\" data-e-type=\"widget\" data-widget_type=\"text-editor.default\">\n\t\t\t\t<div class=\"elementor-widget-container\">\n\t\t\t\t\t\t\t\t\t<p>D\u00e9couvrez les bienfaits rajeunissants de la r\u00e9flexologie faciale, une th\u00e9rapie holistique qui cible des points de pression sp\u00e9cifiques sur votre visage afin de promouvoir la sant\u00e9 et le bien-\u00eatre en g\u00e9n\u00e9ral.<\/p>\t\t\t\t\t\t\t\t<\/div>\n\t\t\t\t<\/div>\n\t\t\t\t<div class=\"elementor-element elementor-element-d4113df elementor-widget elementor-widget-text-editor\" data-id=\"d4113df\" data-element_type=\"widget\" data-e-type=\"widget\" data-widget_type=\"text-editor.default\">\n\t\t\t\t<div class=\"elementor-widget-container\">\n\t\t\t\t\t\t\t\t\t<p>Ce traitement doux et non invasif ne met pas seulement en valeur votre beaut\u00e9 naturelle, mais stimule \u00e9galement les processus de gu\u00e9rison de votre corps. En \u00e9quilibrant votre \u00e9nergie et en soulageant le stress<\/p>\t\t\t\t\t\t\t\t<\/div>\n\t\t\t\t<\/div>\n\t\t\t\t<div class=\"elementor-element elementor-element-9aebea0 elementor-widget elementor-widget-text-editor\" data-id=\"9aebea0\" data-element_type=\"widget\" data-e-type=\"widget\" data-widget_type=\"text-editor.default\">\n\t\t\t\t<div class=\"elementor-widget-container\">\n\t\t\t\t\t\t\t\t\t<p>La r\u00e9flexologie faciale permet d'am\u00e9liorer la circulation, de r\u00e9duire les tensions et de soutenir la capacit\u00e9 naturelle de votre corps \u00e0 se gu\u00e9rir. D\u00e9couvrez une personne radieuse et revitalis\u00e9e gr\u00e2ce au toucher apaisant de la r\u00e9flexologie faciale.<\/p>\t\t\t\t\t\t\t\t<\/div>\n\t\t\t\t<\/div>\n\t\t\t\t<div class=\"elementor-element elementor-element-43a99e46 elementor-align-center elementor-invisible elementor-widget elementor-widget-button\" data-id=\"43a99e46\" data-element_type=\"widget\" data-e-type=\"widget\" data-settings=\"{&quot;_animation&quot;:&quot;fadeIn&quot;,&quot;_animation_delay&quot;:400}\" data-widget_type=\"button.default\">\n\t\t\t\t<div class=\"elementor-widget-container\">\n\t\t\t\t\t\t\t\t\t<div class=\"elementor-button-wrapper\">\n\t\t\t\t\t<a class=\"elementor-button elementor-button-link elementor-size-sm\" href=\"https:\/\/tidycal.com\/lydialincklaen\/60-minutes\">\n\t\t\t\t\t\t<span class=\"elementor-button-content-wrapper\">\n\t\t\t\t\t\t\t\t\t<span class=\"elementor-button-text\">Prenez Rendez-vous<\/span>\n\t\t\t\t\t<\/span>\n\t\t\t\t\t<\/a>\n\t\t\t\t<\/div>\n\t\t\t\t\t\t\t\t<\/div>\n\t\t\t\t<\/div>\n\t\t\t\t\t<\/div>\n\t\t\t\t<\/div>\n\t\t\t\t<\/div>","protected":false},"excerpt":{"rendered":"<p>\u00a0 Facial reflexology Facial reflexology &#8211; 90chf (1h session) with Serenity Coach Lydia Experience the rejuvenating benefits of Facial Reflexology, a holistic therapy that targets specific pressure points on your face to promote overall health and well-being This gentle, non-invasive treatment not only enhances your natural beauty but also stimulates your body&#8217;s healing processes. By [&hellip;]<\/p>\n","protected":false},"author":1,"featured_media":0,"parent":0,"menu_order":0,"comment_status":"closed","ping_status":"closed","template":"","meta":{"iawp_total_views":31,"footnotes":""},"class_list":["post-2070","page","type-page","status-publish","hentry"],"_links":{"self":[{"href":"https:\/\/www.serenitycoachlydia.com\/fr\/wp-json\/wp\/v2\/pages\/2070","targetHints":{"allow":["GET"]}}],"collection":[{"href":"https:\/\/www.serenitycoachlydia.com\/fr\/wp-json\/wp\/v2\/pages"}],"about":[{"href":"https:\/\/www.serenitycoachlydia.com\/fr\/wp-json\/wp\/v2\/types\/page"}],"author":[{"embeddable":true,"href":"https:\/\/www.serenitycoachlydia.com\/fr\/wp-json\/wp\/v2\/users\/1"}],"replies":[{"embeddable":true,"href":"https:\/\/www.serenitycoachlydia.com\/fr\/wp-json\/wp\/v2\/comments?post=2070"}],"version-history":[{"count":15,"href":"https:\/\/www.serenitycoachlydia.com\/fr\/wp-json\/wp\/v2\/pages\/2070\/revisions"}],"predecessor-version":[{"id":2667,"href":"https:\/\/www.serenitycoachlydia.com\/fr\/wp-json\/wp\/v2\/pages\/2070\/revisions\/2667"}],"wp:attachment":[{"href":"https:\/\/www.serenitycoachlydia.com\/fr\/wp-json\/wp\/v2\/media?parent=2070"}],"curies":[{"name":"wp","href":"https:\/\/api.w.org\/{rel}","templated":true}]}}