{"id":2193,"date":"2024-08-07T22:04:39","date_gmt":"2024-08-07T22:04:39","guid":{"rendered":"https:\/\/www.serenitycoachlydia.com\/?page_id=2193"},"modified":"2024-09-16T19:33:37","modified_gmt":"2024-09-16T19:33:37","slug":"support-women-health","status":"publish","type":"page","link":"https:\/\/www.serenitycoachlydia.com\/fr\/support-women-health\/","title":{"rendered":"Support For Women&#8217;s Health"},"content":{"rendered":"<div data-elementor-type=\"wp-page\" data-elementor-id=\"2193\" class=\"elementor elementor-2193\">\n\t\t\t\t<\/p>\n<div class=\"wp-block-cover alignfull\" style=\"min-height: 350px;\">\n<div class=\"wp-block-cover__inner-container\">\n<p><\/p>\n<h2 class=\"wp-block-heading has-text-align-center has-text-color has-link-color has-suranna-font-family wp-elements-13f8f13f82d8c7c5c22d09dafac1e65b\" style=\"color: #ffffff; font-size: 60px; font-style: normal; font-weight: 500;\">Soutien \u00e0 la sant\u00e9 des femmes<\/h2>\n<\/div>\n<\/div>\t\t\t\t\t\t\t\t<\/div>\n\t\t\t\t<\/div>\n\t\t\t\t\t<\/div>\n\t\t\t\t<\/div>\n\t\t<div class=\"elementor-element elementor-element-aaa81e3 e-flex e-con-boxed e-con e-parent\" data-id=\"aaa81e3\" data-element_type=\"container\" data-e-type=\"container\">\n\t\t\t\t\t<div class=\"e-con-inner\">\n\t\t\t\t<div class=\"elementor-element elementor-element-43e072c elementor-widget elementor-widget-image-box\" data-id=\"43e072c\" data-element_type=\"widget\" data-e-type=\"widget\" data-widget_type=\"image-box.default\">\n\t\t\t\t<div class=\"elementor-widget-container\">\n\t\t\t\t\t<div class=\"elementor-image-box-wrapper\"><div class=\"elementor-image-box-content\"><div class=\"elementor-image-box-title\">Sp\u00e9cialis\u00e9e dans la sant\u00e9 des femmes, du cycle menstruel \u00e0 la m\u00e9nopause<\/div><\/div><\/div>\t\t\t\t<\/div>\n\t\t\t\t<\/div>\n\t\t\t\t<div class=\"elementor-element elementor-element-9aebea0 elementor-widget elementor-widget-text-editor\" data-id=\"9aebea0\" data-element_type=\"widget\" data-e-type=\"widget\" data-widget_type=\"text-editor.default\">\n\t\t\t\t<div class=\"elementor-widget-container\">\n\t\t\t\t\t\t\t\t\t<p>Des probl\u00e8mes de cycle menstruel \u00e0 la m\u00e9nopause, nous vous traitons par la r\u00e9flexologie, avec compassion et expertise, \u00e0 travers les d\u00e9fis uniques de chaque \u00e9tape de la vie.<\/p>\t\t\t\t\t\t\t\t<\/div>\n\t\t\t\t<\/div>\n\t\t\t\t<div class=\"elementor-element elementor-element-7fca098 elementor-widget elementor-widget-text-editor\" data-id=\"7fca098\" data-element_type=\"widget\" data-e-type=\"widget\" data-widget_type=\"text-editor.default\">\n\t\t\t\t<div class=\"elementor-widget-container\">\n\t\t\t\t\t\t\t\t\t<p>Soins nourriciers pour la pr\u00e9conception, la grossesse, l'accouchement et la p\u00e9riode postnatale. Nous collaborons avec le gyn\u00e9cologue pendant les soins pr\u00e9conceptionnels afin de pr\u00e9parer de mani\u00e8re holistique le corps, l'esprit et l'\u00e2me \u00e0 la pr\u00e9conception, \u00e0 la grossesse et \u00e0 l'accouchement. <\/p>\t\t\t\t\t\t\t\t<\/div>\n\t\t\t\t<\/div>\n\t\t\t\t<div class=\"elementor-element elementor-element-d4113df elementor-widget elementor-widget-text-editor\" data-id=\"d4113df\" data-element_type=\"widget\" data-e-type=\"widget\" data-widget_type=\"text-editor.default\">\n\t\t\t\t<div class=\"elementor-widget-container\">\n\t\t\t\t\t\t\t\t\t<p>Id\u00e9alement, nous impliquons les deux partenaires, car les soins pr\u00e9conceptionnels devraient inclure le couple afin de garantir la sant\u00e9 du corps de la femme et du sperme de l'homme. <\/p>\t\t\t\t\t\t\t\t<\/div>\n\t\t\t\t<\/div>\n\t\t\t\t<div class=\"elementor-element elementor-element-c4fac19 elementor-widget elementor-widget-text-editor\" data-id=\"c4fac19\" data-element_type=\"widget\" data-e-type=\"widget\" data-widget_type=\"text-editor.default\">\n\t\t\t\t<div class=\"elementor-widget-container\">\n\t\t\t\t\t\t\t\t\t<p>En outre, pour les femmes confront\u00e9es au cancer du sein, nous proposons nos services sur la base d'un don avec une limite sugg\u00e9r\u00e9e, ce qui vous permet de contribuer \"\u00e0 votre bon c\u0153ur\" - ce que vous vous sentez \u00e0 l'aise de donner. <\/p>\t\t\t\t\t\t\t\t<\/div>\n\t\t\t\t<\/div>\n\t\t\t\t<div class=\"elementor-element elementor-element-30893d2 elementor-widget elementor-widget-text-editor\" data-id=\"30893d2\" data-element_type=\"widget\" data-e-type=\"widget\" data-widget_type=\"text-editor.default\">\n\t\t\t\t<div class=\"elementor-widget-container\">\n\t\t\t\t\t\t\t\t\t<p>Ces services peuvent inclure le Reiki, la r\u00e9flexologie, le coaching et la m\u00e9ditation (en groupe ou individuelle).<\/p>\t\t\t\t\t\t\t\t<\/div>\n\t\t\t\t<\/div>\n\t\t\t\t<div class=\"elementor-element elementor-element-bd98415 elementor-widget elementor-widget-text-editor\" data-id=\"bd98415\" data-element_type=\"widget\" data-e-type=\"widget\" data-widget_type=\"text-editor.default\">\n\t\t\t\t<div class=\"elementor-widget-container\">\n\t\t\t\t\t\t\t\t\t<p>R\u00e9servez votre s\u00e9ance d\u00e8s aujourd'hui et ne perdez pas espoir.<\/p>\t\t\t\t\t\t\t\t<\/div>\n\t\t\t\t<\/div>\n\t\t\t\t<div class=\"elementor-element elementor-element-1bc3485 elementor-align-center elementor-invisible elementor-widget elementor-widget-button\" data-id=\"1bc3485\" data-element_type=\"widget\" data-e-type=\"widget\" data-settings=\"{&quot;_animation&quot;:&quot;fadeIn&quot;,&quot;_animation_delay&quot;:400}\" data-widget_type=\"button.default\">\n\t\t\t\t<div class=\"elementor-widget-container\">\n\t\t\t\t\t\t\t\t\t<div class=\"elementor-button-wrapper\">\n\t\t\t\t\t<a class=\"elementor-button elementor-button-link elementor-size-sm\" href=\"https:\/\/calendly.com\/serenitycoachlydia\/intro\">\n\t\t\t\t\t\t<span class=\"elementor-button-content-wrapper\">\n\t\t\t\t\t\t\t\t\t<span class=\"elementor-button-text\">Prenez Rendez-vous<\/span>\n\t\t\t\t\t<\/span>\n\t\t\t\t\t<\/a>\n\t\t\t\t<\/div>\n\t\t\t\t\t\t\t\t<\/div>\n\t\t\t\t<\/div>\n\t\t\t\t\t<\/div>\n\t\t\t\t<\/div>\n\t\t<div class=\"elementor-element elementor-element-dd8d78e e-flex e-con-boxed e-con e-parent\" data-id=\"dd8d78e\" data-element_type=\"container\" data-e-type=\"container\" data-settings=\"{&quot;background_background&quot;:&quot;classic&quot;}\">\n\t\t\t\t\t<div class=\"e-con-inner\">\n\t\t\t\t<div class=\"elementor-element elementor-element-69db84a3 elementor-widget elementor-widget-text-editor\" data-id=\"69db84a3\" data-element_type=\"widget\" data-e-type=\"widget\" data-widget_type=\"text-editor.default\">\n\t\t\t\t<div class=\"elementor-widget-container\">\n\t\t\t\t\t\t\t\t\t<p>\u00a0<\/p>\n<p><\/p>\n<div class=\"wp-block-cover alignfull is-layout-constrained wp-container-core-cover-is-layout-48c9aa2a wp-block-cover-is-layout-constrained\" style=\"min-height: 350px;aspect-ratio:unset;\">\n<div class=\"wp-block-cover__inner-container\">\n<p><!-- wp:heading {\"textAlign\":\"center\",\"style\":{\"elements\":{\"link\":{\"color\":{\"text\":\"#ffffff\"}}},\"typography\":{\"fontSize\":\"60px\",\"fontStyle\":\"normal\",\"fontWeight\":\"500\"},\"color\":{\"text\":\"#ffffff\"}},\"fontFamily\":\"suranna\"} --><\/p>\n<h2 class=\"wp-block-heading has-text-align-center has-text-color has-link-color has-suranna-font-family\" style=\"color: #ffffff; font-size: 60px; font-style: normal; font-weight: 500;\">Soutien \u00e0 la sant\u00e9 des femmes<\/h2>\n<\/div>\n<\/div>\t\t\t\t\t\t\t\t<\/div>\n\t\t\t\t<\/div>\n\t\t\t\t\t<\/div>\n\t\t\t\t<\/div>\n\t\t<div class=\"elementor-element elementor-element-aaa81e3 e-flex e-con-boxed e-con e-parent\" data-id=\"aaa81e3\" data-element_type=\"container\" data-e-type=\"container\">\n\t\t\t\t\t<div class=\"e-con-inner\">\n\t\t\t\t<div class=\"elementor-element elementor-element-43e072c elementor-widget elementor-widget-image-box\" data-id=\"43e072c\" data-element_type=\"widget\" data-e-type=\"widget\" data-widget_type=\"image-box.default\">\n\t\t\t\t<div class=\"elementor-widget-container\">\n\t\t\t\t\t<div class=\"elementor-image-box-wrapper\"><div class=\"elementor-image-box-content\"><div class=\"elementor-image-box-title\">Sp\u00e9cialis\u00e9e dans la sant\u00e9 des femmes, du cycle menstruel \u00e0 la m\u00e9nopause<\/div><\/div><\/div>\t\t\t\t<\/div>\n\t\t\t\t<\/div>\n\t\t\t\t<div class=\"elementor-element elementor-element-9aebea0 elementor-widget elementor-widget-text-editor\" data-id=\"9aebea0\" data-element_type=\"widget\" data-e-type=\"widget\" data-widget_type=\"text-editor.default\">\n\t\t\t\t<div class=\"elementor-widget-container\">\n\t\t\t\t\t\t\t\t\t<p>Des probl\u00e8mes de cycle menstruel \u00e0 la m\u00e9nopause, nous vous traitons par la r\u00e9flexologie, avec compassion et expertise, \u00e0 travers les d\u00e9fis uniques de chaque \u00e9tape de la vie.<\/p>\t\t\t\t\t\t\t\t<\/div>\n\t\t\t\t<\/div>\n\t\t\t\t<div class=\"elementor-element elementor-element-7fca098 elementor-widget elementor-widget-text-editor\" data-id=\"7fca098\" data-element_type=\"widget\" data-e-type=\"widget\" data-widget_type=\"text-editor.default\">\n\t\t\t\t<div class=\"elementor-widget-container\">\n\t\t\t\t\t\t\t\t\t<p>Soins nourriciers pour la pr\u00e9conception, la grossesse, l'accouchement et la p\u00e9riode postnatale. Nous collaborons avec le gyn\u00e9cologue pendant les soins pr\u00e9conceptionnels afin de pr\u00e9parer de mani\u00e8re holistique le corps, l'esprit et l'\u00e2me \u00e0 la pr\u00e9conception, \u00e0 la grossesse et \u00e0 l'accouchement. <\/p>\t\t\t\t\t\t\t\t<\/div>\n\t\t\t\t<\/div>\n\t\t\t\t<div class=\"elementor-element elementor-element-d4113df elementor-widget elementor-widget-text-editor\" data-id=\"d4113df\" data-element_type=\"widget\" data-e-type=\"widget\" data-widget_type=\"text-editor.default\">\n\t\t\t\t<div class=\"elementor-widget-container\">\n\t\t\t\t\t\t\t\t\t<p>Id\u00e9alement, nous impliquons les deux partenaires, car les soins pr\u00e9conceptionnels devraient inclure le couple afin de garantir la sant\u00e9 du corps de la femme et du sperme de l'homme. <\/p>\t\t\t\t\t\t\t\t<\/div>\n\t\t\t\t<\/div>\n\t\t\t\t<div class=\"elementor-element elementor-element-c4fac19 elementor-widget elementor-widget-text-editor\" data-id=\"c4fac19\" data-element_type=\"widget\" data-e-type=\"widget\" data-widget_type=\"text-editor.default\">\n\t\t\t\t<div class=\"elementor-widget-container\">\n\t\t\t\t\t\t\t\t\t<p>En outre, pour les femmes confront\u00e9es au cancer du sein, nous proposons nos services sur la base d'un don avec une limite sugg\u00e9r\u00e9e, ce qui vous permet de contribuer \"\u00e0 votre bon c\u0153ur\" - ce que vous vous sentez \u00e0 l'aise de donner. <\/p>\t\t\t\t\t\t\t\t<\/div>\n\t\t\t\t<\/div>\n\t\t\t\t<div class=\"elementor-element elementor-element-30893d2 elementor-widget elementor-widget-text-editor\" data-id=\"30893d2\" data-element_type=\"widget\" data-e-type=\"widget\" data-widget_type=\"text-editor.default\">\n\t\t\t\t<div class=\"elementor-widget-container\">\n\t\t\t\t\t\t\t\t\t<p>Ces services peuvent inclure le Reiki, la r\u00e9flexologie, le coaching et la m\u00e9ditation (en groupe ou individuelle).<\/p>\t\t\t\t\t\t\t\t<\/div>\n\t\t\t\t<\/div>\n\t\t\t\t<div class=\"elementor-element elementor-element-bd98415 elementor-widget elementor-widget-text-editor\" data-id=\"bd98415\" data-element_type=\"widget\" data-e-type=\"widget\" data-widget_type=\"text-editor.default\">\n\t\t\t\t<div class=\"elementor-widget-container\">\n\t\t\t\t\t\t\t\t\t<p>R\u00e9servez votre s\u00e9ance d\u00e8s aujourd'hui et ne perdez pas espoir.<\/p>\t\t\t\t\t\t\t\t<\/div>\n\t\t\t\t<\/div>\n\t\t\t\t<div class=\"elementor-element elementor-element-1bc3485 elementor-align-center elementor-invisible elementor-widget elementor-widget-button\" data-id=\"1bc3485\" data-element_type=\"widget\" data-e-type=\"widget\" data-settings=\"{&quot;_animation&quot;:&quot;fadeIn&quot;,&quot;_animation_delay&quot;:400}\" data-widget_type=\"button.default\">\n\t\t\t\t<div class=\"elementor-widget-container\">\n\t\t\t\t\t\t\t\t\t<div class=\"elementor-button-wrapper\">\n\t\t\t\t\t<a class=\"elementor-button elementor-button-link elementor-size-sm\" href=\"https:\/\/calendly.com\/serenitycoachlydia\/intro\">\n\t\t\t\t\t\t<span class=\"elementor-button-content-wrapper\">\n\t\t\t\t\t\t\t\t\t<span class=\"elementor-button-text\">Prenez Rendez-vous<\/span>\n\t\t\t\t\t<\/span>\n\t\t\t\t\t<\/a>\n\t\t\t\t<\/div>\n\t\t\t\t\t\t\t\t<\/div>\n\t\t\t\t<\/div>\n\t\t\t\t\t<\/div>\n\t\t\t\t<\/div>\n\t\t\t\t<\/div>","protected":false},"excerpt":{"rendered":"<p>Women\u2019s Health Support Specialized in Women\u2019s Health from menstrual cycle to menopause From menstrual cycle problems to menopause, we treat you with reflexology through the unique challenges of each life stage with compassion and expertise. Nurturing care for preconception,\u00a0 pregnancy, birth and postnatal period. We collaborate alongside the gynecologist during preconception care to holistically prepare [&hellip;]<\/p>\n","protected":false},"author":1,"featured_media":0,"parent":0,"menu_order":0,"comment_status":"closed","ping_status":"closed","template":"","meta":{"iawp_total_views":60,"footnotes":""},"class_list":["post-2193","page","type-page","status-publish","hentry"],"_links":{"self":[{"href":"https:\/\/www.serenitycoachlydia.com\/fr\/wp-json\/wp\/v2\/pages\/2193","targetHints":{"allow":["GET"]}}],"collection":[{"href":"https:\/\/www.serenitycoachlydia.com\/fr\/wp-json\/wp\/v2\/pages"}],"about":[{"href":"https:\/\/www.serenitycoachlydia.com\/fr\/wp-json\/wp\/v2\/types\/page"}],"author":[{"embeddable":true,"href":"https:\/\/www.serenitycoachlydia.com\/fr\/wp-json\/wp\/v2\/users\/1"}],"replies":[{"embeddable":true,"href":"https:\/\/www.serenitycoachlydia.com\/fr\/wp-json\/wp\/v2\/comments?post=2193"}],"version-history":[{"count":13,"href":"https:\/\/www.serenitycoachlydia.com\/fr\/wp-json\/wp\/v2\/pages\/2193\/revisions"}],"predecessor-version":[{"id":2647,"href":"https:\/\/www.serenitycoachlydia.com\/fr\/wp-json\/wp\/v2\/pages\/2193\/revisions\/2647"}],"wp:attachment":[{"href":"https:\/\/www.serenitycoachlydia.com\/fr\/wp-json\/wp\/v2\/media?parent=2193"}],"curies":[{"name":"wp","href":"https:\/\/api.w.org\/{rel}","templated":true}]}}